{"id":29,"date":"2025-03-11T14:45:06","date_gmt":"2025-03-11T13:45:06","guid":{"rendered":"https:\/\/ecoduo.fr\/?page_id=29"},"modified":"2025-10-07T14:47:48","modified_gmt":"2025-10-07T12:47:48","slug":"notre-vision","status":"publish","type":"page","link":"https:\/\/ecoduo.fr\/index.php\/notre-vision\/","title":{"rendered":"Notre Vision"},"content":{"rendered":"\n<p>Nous nous adressons exclusivement aux <strong>TPE des Territoires<\/strong>, \u00e0 savoir des entreprises \u00e0 taille humaine, install\u00e9es dans des zones situ\u00e9es entre la ruralit\u00e9 et les moyennes agglom\u00e9rations.&nbsp;<\/p>\n\n\n\n<figure class=\"wp-block-image aligncenter size-full is-resized\"><img loading=\"lazy\" decoding=\"async\" width=\"319\" height=\"265\" src=\"https:\/\/ecoduo.fr\/wp-content\/uploads\/2025\/10\/Capture-decran-2025-10-07-a-14.41.11-1.png\" alt=\"\" class=\"wp-image-170\" style=\"width:363px;height:auto\" srcset=\"https:\/\/ecoduo.fr\/wp-content\/uploads\/2025\/10\/Capture-decran-2025-10-07-a-14.41.11-1.png 319w, https:\/\/ecoduo.fr\/wp-content\/uploads\/2025\/10\/Capture-decran-2025-10-07-a-14.41.11-1-300x249.png 300w\" sizes=\"auto, (max-width: 319px) 100vw, 319px\" \/><\/figure>\n\n\n\n<p>Nombreux sont les chefs d\u2019entreprises et cadres dirigeants de ces structures qui sont conscients, \u00e0 titre personnel, des enjeux environnementaux, mais n\u2019arrivent pas \u00e0 aligner les activit\u00e9s de leur entreprise sur leurs implications personnelles. L\u2019urgence du quotidien, la r\u00e9alit\u00e9 \u00e9conomique, ou le sentiment d\u2019isolement\/d\u2019impuissance en sont souvent les causes.<\/p>\n\n\n\n<p>Les pouvoirs publics sont souvent d\u00e9sign\u00e9s comme ceux qui doivent incarner ce changement.<\/p>\n\n\n\n<p>Et si il \u00e9tait possible de&nbsp; r\u00e9concilier \u00e9conomie et \u00e9cologie, concurrence et partenariat?&nbsp;<\/p>\n\n\n\n<p>Loin des grandes th\u00e9ories de la RSE et des labels \u00e0 n\u2019en plus finir, r\u00e9serv\u00e9s \u00e0 ceux disposant de moyens humains et financiers d\u00e9di\u00e9s, des diagnostics \u00e0 rallonge et des plans d\u2019actions inadapt\u00e9s \u00e0 la r\u00e9alit\u00e9 de la TPE, nous d\u00e9mocratisons la transition environnementale des entreprises&nbsp;: en nous appuyant sur deux principes fondamentaux&nbsp;:<\/p>\n\n\n\n<ul class=\"wp-block-list\">\n<li><strong>Partir du terrain,<\/strong> en inventant avec le dirigeant et ses \u00e9quipes des id\u00e9es <strong>g\u00e9n\u00e9ratrices de Business<\/strong>, inspir\u00e9es de la TEE. Initier des plans d\u2019actions adapt\u00e9s \u00e0 leur secteur, leur capacit\u00e9 et \u00e9conomiquement viable, pour permettre \u00e0 l\u2019entreprise <strong>d\u2019initier progressivement sa TEE et d\u2019\u00eatre durablement pr\u00e9sente dans le temps.<\/strong><\/li>\n\n\n\n<li><strong>Activer la coop\u00e9ration entre entreprises&nbsp;et acteurs du territoire<\/strong>: mutualisation entre dirigeants les r\u00e9flexions, les efforts, les moyens, pour arriver \u00e0 de r\u00e9els r\u00e9sultats probants entre partenaires d\u2019un m\u00eame territoire.&nbsp;<\/li>\n<\/ul>\n\n\n\n<p>Nous marions deux comp\u00e9tences majeures&nbsp;: la capacit\u00e9 \u00e0 d\u00e9clencher les m\u00e9canismes de la coop\u00e9ration et la mobilisation des acteurs, avec l\u2019accompagnement au changement des dirigeants et la connaissance fine de leurs enjeux financiers.<\/p>\n\n\n\n<p>Nous accompagnons la prise de recul et la r\u00e9flexion autour des questions (enjeux de r\u00e9silience:) diminution des ressources, difficult\u00e9s d&rsquo;approvisionnement, crise \u00e9nerg\u00e9tique et politiques, etc\u2026<\/p>\n\n\n\n<p>En leur proposant de r\u00e9fl\u00e9chir \u00e0 des solutions pour inscrire son entreprise dans une vision r\u00e9siliente et pro-active. Trouver un \u00e9quilibre entre la responsabilit\u00e9 de vos impacts et diminuer votre vuln\u00e9rabilit\u00e9 face aux enjeux environnementaux.<\/p>\n\n\n\n<p>Dans un premier temps nous stimulons l\u2019intelligence collective des dirigeants d\u2019un m\u00eame territoire et leur ing\u00e9niosit\u00e9 entrepreneuriale au travers d\u2019 un parcours collectif permettant de d\u00e9couvrir le champ des possibles et de dessiner les premi\u00e8res esquisses de plan d\u2019action.<\/p>\n\n\n\n<p>Puis nous proposons des accompagnement entreprise par entreprise pour distiller le changement en interne, embarquer les \u00e9quipes et d\u2019autres partenaires et faciliter la mise en action.<\/p>\n\n\n\n<h2 class=\"wp-block-heading\">Nos Convictions<\/h2>\n\n\n\n<figure class=\"wp-block-image size-large\"><img loading=\"lazy\" decoding=\"async\" width=\"1024\" height=\"441\" src=\"https:\/\/ecoduo.fr\/wp-content\/uploads\/2025\/03\/Capture-decran-2025-03-12-a-14.24.23-1024x441.png\" alt=\"\" class=\"wp-image-60\" srcset=\"https:\/\/ecoduo.fr\/wp-content\/uploads\/2025\/03\/Capture-decran-2025-03-12-a-14.24.23-1024x441.png 1024w, https:\/\/ecoduo.fr\/wp-content\/uploads\/2025\/03\/Capture-decran-2025-03-12-a-14.24.23-300x129.png 300w, https:\/\/ecoduo.fr\/wp-content\/uploads\/2025\/03\/Capture-decran-2025-03-12-a-14.24.23-768x331.png 768w, https:\/\/ecoduo.fr\/wp-content\/uploads\/2025\/03\/Capture-decran-2025-03-12-a-14.24.23.png 1136w\" sizes=\"auto, (max-width: 1024px) 100vw, 1024px\" \/><\/figure>\n","protected":false},"excerpt":{"rendered":"<p>Nous nous adressons exclusivement aux TPE des Territoires, \u00e0 savoir des entreprises \u00e0 taille humaine, install\u00e9es dans des zones situ\u00e9es entre la ruralit\u00e9 et les moyennes agglom\u00e9rations.&nbsp; Nombreux sont les chefs d\u2019entreprises et cadres dirigeants de ces structures qui sont conscients, \u00e0 titre personnel, des enjeux environnementaux, mais n\u2019arrivent pas \u00e0 aligner les activit\u00e9s de [&hellip;]<\/p>\n","protected":false},"author":1,"featured_media":0,"parent":0,"menu_order":0,"comment_status":"closed","ping_status":"closed","template":"","meta":{"_themeisle_gutenberg_block_has_review":false,"footnotes":""},"class_list":["post-29","page","type-page","status-publish","hentry"],"_links":{"self":[{"href":"https:\/\/ecoduo.fr\/index.php\/wp-json\/wp\/v2\/pages\/29","targetHints":{"allow":["GET"]}}],"collection":[{"href":"https:\/\/ecoduo.fr\/index.php\/wp-json\/wp\/v2\/pages"}],"about":[{"href":"https:\/\/ecoduo.fr\/index.php\/wp-json\/wp\/v2\/types\/page"}],"author":[{"embeddable":true,"href":"https:\/\/ecoduo.fr\/index.php\/wp-json\/wp\/v2\/users\/1"}],"replies":[{"embeddable":true,"href":"https:\/\/ecoduo.fr\/index.php\/wp-json\/wp\/v2\/comments?post=29"}],"version-history":[{"count":4,"href":"https:\/\/ecoduo.fr\/index.php\/wp-json\/wp\/v2\/pages\/29\/revisions"}],"predecessor-version":[{"id":172,"href":"https:\/\/ecoduo.fr\/index.php\/wp-json\/wp\/v2\/pages\/29\/revisions\/172"}],"wp:attachment":[{"href":"https:\/\/ecoduo.fr\/index.php\/wp-json\/wp\/v2\/media?parent=29"}],"curies":[{"name":"wp","href":"https:\/\/api.w.org\/{rel}","templated":true}]}}