{"id":36,"date":"2025-03-12T10:42:53","date_gmt":"2025-03-12T09:42:53","guid":{"rendered":"https:\/\/ecoduo.fr\/?page_id=36"},"modified":"2025-05-19T10:11:55","modified_gmt":"2025-05-19T08:11:55","slug":"notre-duo","status":"publish","type":"page","link":"https:\/\/ecoduo.fr\/index.php\/notre-duo\/","title":{"rendered":"Notre Duo"},"content":{"rendered":"\n<div class=\"wp-block-group alignfull has-ti-bg-alt-background-color has-background is-layout-constrained wp-container-core-group-is-layout-a8cabacf wp-block-group-is-layout-constrained\" style=\"margin-top:0px;margin-bottom:0px;padding-top:64px;padding-right:24px;padding-bottom:64px;padding-left:24px\">\n<div class=\"wp-block-columns alignwide is-layout-flex wp-container-core-columns-is-layout-6127943d wp-block-columns-is-layout-flex\">\n<div class=\"wp-block-column is-layout-flow wp-block-column-is-layout-flow\" style=\"padding-top:0px;padding-right:0px;padding-bottom:0px;padding-left:0px\">\n<div class=\"wp-block-media-text is-stacked-on-mobile\"><figure class=\"wp-block-media-text__media\"><img loading=\"lazy\" decoding=\"async\" width=\"320\" height=\"320\" src=\"http:\/\/ecoduo.fr\/wp-content\/uploads\/2025\/05\/Isabelle_Profil.jpg\" alt=\"\" class=\"wp-image-140 size-full\" srcset=\"https:\/\/ecoduo.fr\/wp-content\/uploads\/2025\/05\/Isabelle_Profil.jpg 320w, https:\/\/ecoduo.fr\/wp-content\/uploads\/2025\/05\/Isabelle_Profil-300x300.jpg 300w, https:\/\/ecoduo.fr\/wp-content\/uploads\/2025\/05\/Isabelle_Profil-150x150.jpg 150w\" sizes=\"auto, (max-width: 320px) 100vw, 320px\" \/><\/figure><div class=\"wp-block-media-text__content\">\n<p><\/p>\n<\/div><\/div>\n\n\n\n<h3 class=\"wp-block-heading has-text-align-left has-medium-font-size\"><strong>Isabelle Degoy<\/strong><\/h3>\n\n\n\n<p class=\"has-text-align-center\"><mark style=\"background-color:rgba(0, 0, 0, 0)\" class=\"has-inline-color has-ti-accent-color\"><strong>Accompagnement du dirigeant&nbsp;&amp;<\/strong> <strong>analyse financi\u00e8re des entreprises<\/strong><\/mark><\/p>\n\n\n\n<ul class=\"wp-block-list\">\n<li>Ma\u00eetrise des probl\u00e9matiques propres aux TPE<\/li>\n\n\n\n<li>Aide \u00e0 la prise de d\u00e9cision des dirigeants<\/li>\n\n\n\n<li>Analyse des mod\u00e8les \u00e9conomiques<\/li>\n\n\n\n<li>Sc\u00e9narisation financi\u00e8re des strat\u00e9gies futures<\/li>\n\n\n\n<li>Accompagnement au pilotage et \u00e0 la strat\u00e9gie<\/li>\n<\/ul>\n\n\n\n<h3 class=\"wp-block-heading has-text-align-center\"><strong><em>Rendre simple et accessible la gestion d\u2019entreprise<\/em><\/strong><br><\/h3>\n<\/div>\n\n\n\n<div class=\"wp-block-column is-layout-flow wp-block-column-is-layout-flow\" style=\"padding-top:0px;padding-right:0px;padding-bottom:0px;padding-left:0px\">\n<figure class=\"wp-block-image size-full is-resized wp-duotone-grayscale\"><img loading=\"lazy\" decoding=\"async\" width=\"320\" height=\"320\" src=\"http:\/\/ecoduo.fr\/wp-content\/uploads\/2025\/05\/Pauline_Profil.jpg\" alt=\"\" class=\"wp-image-141\" style=\"width:277px;height:auto\" srcset=\"https:\/\/ecoduo.fr\/wp-content\/uploads\/2025\/05\/Pauline_Profil.jpg 320w, https:\/\/ecoduo.fr\/wp-content\/uploads\/2025\/05\/Pauline_Profil-300x300.jpg 300w, https:\/\/ecoduo.fr\/wp-content\/uploads\/2025\/05\/Pauline_Profil-150x150.jpg 150w\" sizes=\"auto, (max-width: 320px) 100vw, 320px\" \/><\/figure>\n\n\n\n<h3 class=\"wp-block-heading has-text-align-left has-medium-font-size\"><strong>Pauline Massart<\/strong><\/h3>\n\n\n\n<p class=\"has-text-align-left\"><strong><mark style=\"background-color:rgba(0, 0, 0, 0)\" class=\"has-inline-color has-ti-accent-color\">Diminuer les d\u00e9chets&nbsp;&amp;&nbsp;optimiser les ressources<\/mark><\/strong><\/p>\n\n\n\n<ul class=\"wp-block-list\">\n<li>Nourrit la r\u00e9flexion des acteurs du Territoire<\/li>\n\n\n\n<li>R\u00e9alise une veille permanente&nbsp;<\/li>\n\n\n\n<li>Garante de la vision d\u2019ensemble<\/li>\n\n\n\n<li>Facilite la coop\u00e9ration des acteurs<\/li>\n<\/ul>\n\n\n\n<p><\/p>\n\n\n\n<p><\/p>\n\n\n\n<p><\/p>\n\n\n\n<h3 id=\"wp-block-themeisle-blocks-advanced-heading-3960ac22\" class=\"wp-block-themeisle-blocks-advanced-heading wp-block-themeisle-blocks-advanced-heading-3960ac22\"><strong><em>Simplexit\u00e9 et Contemplaction<\/em><\/strong><\/h3>\n\n\n\n<p><\/p>\n\n\n\n<p class=\"has-text-align-left\"><br><\/p>\n<\/div>\n<\/div>\n\n\n\n<div class=\"wp-block-columns is-layout-flex wp-container-core-columns-is-layout-28f84493 wp-block-columns-is-layout-flex\">\n<div class=\"wp-block-column is-layout-flow wp-block-column-is-layout-flow\">\n<div class=\"wp-block-buttons is-layout-flex wp-block-buttons-is-layout-flex\">\n<div class=\"wp-block-button\"><a class=\"wp-block-button__link wp-element-button\" href=\"https:\/\/www.linkedin.com\/in\/isabelle-degoy-8a86001aa\/\">LinkedIn<\/a><\/div>\n<\/div>\n<\/div>\n\n\n\n<div class=\"wp-block-column is-layout-flow wp-block-column-is-layout-flow\">\n<div class=\"wp-block-buttons is-content-justification-center is-layout-flex wp-container-core-buttons-is-layout-a89b3969 wp-block-buttons-is-layout-flex\">\n<div class=\"wp-block-button\"><a class=\"wp-block-button__link wp-element-button\" href=\"https:\/\/www.linkedin.com\/in\/pauline-massart\/\">LinkedIn<\/a><\/div>\n<\/div>\n<\/div>\n<\/div>\n<\/div>\n\n\n\n<p><\/p>\n","protected":false},"excerpt":{"rendered":"<p>Isabelle Degoy Accompagnement du dirigeant&nbsp;&amp; analyse financi\u00e8re des entreprises Rendre simple et accessible la gestion d\u2019entreprise Pauline Massart Diminuer les d\u00e9chets&nbsp;&amp;&nbsp;optimiser les ressources<\/p>\n","protected":false},"author":1,"featured_media":0,"parent":0,"menu_order":0,"comment_status":"closed","ping_status":"closed","template":"","meta":{"_themeisle_gutenberg_block_has_review":false,"footnotes":""},"class_list":["post-36","page","type-page","status-publish","hentry"],"_links":{"self":[{"href":"https:\/\/ecoduo.fr\/index.php\/wp-json\/wp\/v2\/pages\/36","targetHints":{"allow":["GET"]}}],"collection":[{"href":"https:\/\/ecoduo.fr\/index.php\/wp-json\/wp\/v2\/pages"}],"about":[{"href":"https:\/\/ecoduo.fr\/index.php\/wp-json\/wp\/v2\/types\/page"}],"author":[{"embeddable":true,"href":"https:\/\/ecoduo.fr\/index.php\/wp-json\/wp\/v2\/users\/1"}],"replies":[{"embeddable":true,"href":"https:\/\/ecoduo.fr\/index.php\/wp-json\/wp\/v2\/comments?post=36"}],"version-history":[{"count":11,"href":"https:\/\/ecoduo.fr\/index.php\/wp-json\/wp\/v2\/pages\/36\/revisions"}],"predecessor-version":[{"id":145,"href":"https:\/\/ecoduo.fr\/index.php\/wp-json\/wp\/v2\/pages\/36\/revisions\/145"}],"wp:attachment":[{"href":"https:\/\/ecoduo.fr\/index.php\/wp-json\/wp\/v2\/media?parent=36"}],"curies":[{"name":"wp","href":"https:\/\/api.w.org\/{rel}","templated":true}]}}