{"id":50,"date":"2025-03-12T10:56:35","date_gmt":"2025-03-12T09:56:35","guid":{"rendered":"https:\/\/ecoduo.fr\/?page_id=50"},"modified":"2025-03-18T10:52:55","modified_gmt":"2025-03-18T09:52:55","slug":"contact","status":"publish","type":"page","link":"https:\/\/ecoduo.fr\/index.php\/contact\/","title":{"rendered":"Contact"},"content":{"rendered":"\n<div class=\"wp-block-group is-layout-constrained wp-block-group-is-layout-constrained\">\n<p><strong>Nous serions ravies d&rsquo;\u00e9changer avec vous. <\/strong><\/p>\n\n\n\n<p><strong>Laissez-nous votre adresse e-mail, t\u00e9l\u00e9phone ou contactez-nous directement:<\/strong><\/p>\n\n\n\n<p><\/p>\n\n\n\n<p><strong>info@ecoduo.fr<\/strong>   <\/p>\n\n\n\n<p>Pauline &#8211; <strong>07 68 67 80 02<\/strong><\/p>\n\n\n\n<p>Isabelle &#8211; <strong>06 63 61 02 52<\/strong><\/p>\n\n\n\n<p><\/p>\n<\/div>\n\n\n\n<div id=\"wp-block-themeisle-blocks-form-c4a87c93\" class=\"wp-block-themeisle-blocks-form\" data-option-name=\"bf9b28ff82ce323187abc5d0feb0d8f07ecd8436_c4a87c93\"><form class=\"otter-form__container\">\n<div id=\"wp-block-themeisle-blocks-form-input-09b37cbb\" class=\"wp-block-themeisle-blocks-form-input\"><label for=\"wp-block-themeisle-blocks-form-input-09b37cbb-input\" class=\"otter-form-input-label\"><span class=\"otter-form-input-label__label\">Nom<\/span><span class=\"required\">*<\/span><\/label><input type=\"text\" id=\"wp-block-themeisle-blocks-form-input-09b37cbb-input\" required class=\"otter-form-input\"\/><\/div>\n\n\n\n<div id=\"wp-block-themeisle-blocks-form-input-1bdec706\" class=\"wp-block-themeisle-blocks-form-input\"><label for=\"wp-block-themeisle-blocks-form-input-1bdec706-input\" class=\"otter-form-input-label\"><span class=\"otter-form-input-label__label\">E-mail<\/span><span class=\"required\">*<\/span><\/label><input type=\"email\" id=\"wp-block-themeisle-blocks-form-input-1bdec706-input\" required class=\"otter-form-input\"\/><\/div>\n\n\n<div class=\"protection\" aria-hidden=\"true\"><input type=\"hidden\" id=\"wp-block-themeisle-blocks-form-c4a87c93_nonce_field\" name=\"wp-block-themeisle-blocks-form-c4a87c93_nonce_field\" value=\"58e554730a\" \/><input type=\"hidden\" name=\"_wp_http_referer\" value=\"\/index.php\/wp-json\/wp\/v2\/pages\/50\" \/><input class=\"o-anti-bot\" type=\"checkbox\"><\/div>\n\n\n<div id=\"wp-block-themeisle-blocks-form-textarea-ee8b1171\" class=\"wp-block-themeisle-blocks-form-textarea\"><label for=\"wp-block-themeisle-blocks-form-textarea-ee8b1171-input\" class=\"otter-form-textarea-label\"><span class=\"otter-form-textarea-label__label\">Message<\/span><\/label><textarea id=\"wp-block-themeisle-blocks-form-textarea-ee8b1171-input\" rows=\"10\" class=\"otter-form-textarea-input\"><\/textarea><\/div>\n\n\n\n<p class=\"has-extra-small-font-size\">Merci pour votre message. Nous reviendrons vers vous rapidement.<\/p>\n<div class=\"wp-block-button\"><button class=\"wp-block-button__link\" type=\"submit\">Envoyer<\/button><\/div><\/form><\/div>\n\n\n\n<p><\/p>\n","protected":false},"excerpt":{"rendered":"<p>Nous serions ravies d&rsquo;\u00e9changer avec vous. Laissez-nous votre adresse e-mail, t\u00e9l\u00e9phone ou contactez-nous directement: info@ecoduo.fr Pauline &#8211; 07 68 67 80 02 Isabelle &#8211; 06 63 61 02 52<\/p>\n","protected":false},"author":1,"featured_media":0,"parent":0,"menu_order":0,"comment_status":"closed","ping_status":"closed","template":"","meta":{"_themeisle_gutenberg_block_has_review":false,"footnotes":""},"class_list":["post-50","page","type-page","status-publish","hentry"],"_links":{"self":[{"href":"https:\/\/ecoduo.fr\/index.php\/wp-json\/wp\/v2\/pages\/50","targetHints":{"allow":["GET"]}}],"collection":[{"href":"https:\/\/ecoduo.fr\/index.php\/wp-json\/wp\/v2\/pages"}],"about":[{"href":"https:\/\/ecoduo.fr\/index.php\/wp-json\/wp\/v2\/types\/page"}],"author":[{"embeddable":true,"href":"https:\/\/ecoduo.fr\/index.php\/wp-json\/wp\/v2\/users\/1"}],"replies":[{"embeddable":true,"href":"https:\/\/ecoduo.fr\/index.php\/wp-json\/wp\/v2\/comments?post=50"}],"version-history":[{"count":5,"href":"https:\/\/ecoduo.fr\/index.php\/wp-json\/wp\/v2\/pages\/50\/revisions"}],"predecessor-version":[{"id":78,"href":"https:\/\/ecoduo.fr\/index.php\/wp-json\/wp\/v2\/pages\/50\/revisions\/78"}],"wp:attachment":[{"href":"https:\/\/ecoduo.fr\/index.php\/wp-json\/wp\/v2\/media?parent=50"}],"curies":[{"name":"wp","href":"https:\/\/api.w.org\/{rel}","templated":true}]}}