{"id":63,"date":"2025-08-12T14:35:00","date_gmt":"2025-08-12T12:35:00","guid":{"rendered":"https:\/\/ecoduo.fr\/?page_id=63"},"modified":"2025-10-07T14:22:14","modified_gmt":"2025-10-07T12:22:14","slug":"nos-propositions","status":"publish","type":"page","link":"https:\/\/ecoduo.fr\/index.php\/nos-propositions\/","title":{"rendered":"Nos propositions"},"content":{"rendered":"\n<div class=\"wp-block-columns is-layout-flex wp-container-core-columns-is-layout-28f84493 wp-block-columns-is-layout-flex\">\n<div class=\"wp-block-column is-layout-flow wp-block-column-is-layout-flow\">\n<figure class=\"wp-block-image aligncenter size-full is-resized\"><img loading=\"lazy\" decoding=\"async\" width=\"328\" height=\"327\" src=\"https:\/\/ecoduo.fr\/wp-content\/uploads\/2025\/03\/Capture-decran-2025-03-18-a-10.33.13.png\" alt=\"\" class=\"wp-image-73\" style=\"width:103px;height:auto\" srcset=\"https:\/\/ecoduo.fr\/wp-content\/uploads\/2025\/03\/Capture-decran-2025-03-18-a-10.33.13.png 328w, https:\/\/ecoduo.fr\/wp-content\/uploads\/2025\/03\/Capture-decran-2025-03-18-a-10.33.13-300x300.png 300w, https:\/\/ecoduo.fr\/wp-content\/uploads\/2025\/03\/Capture-decran-2025-03-18-a-10.33.13-150x150.png 150w\" sizes=\"auto, (max-width: 328px) 100vw, 328px\" \/><\/figure>\n<\/div>\n\n\n\n<div class=\"wp-block-column is-layout-flow wp-block-column-is-layout-flow\">\n<figure class=\"wp-block-image aligncenter size-full is-resized\"><img loading=\"lazy\" decoding=\"async\" width=\"369\" height=\"373\" src=\"https:\/\/ecoduo.fr\/wp-content\/uploads\/2025\/03\/Capture-decran-2025-03-18-a-10.34.32.png\" alt=\"\" class=\"wp-image-74\" style=\"width:99px;height:auto\" srcset=\"https:\/\/ecoduo.fr\/wp-content\/uploads\/2025\/03\/Capture-decran-2025-03-18-a-10.34.32.png 369w, https:\/\/ecoduo.fr\/wp-content\/uploads\/2025\/03\/Capture-decran-2025-03-18-a-10.34.32-297x300.png 297w\" sizes=\"auto, (max-width: 369px) 100vw, 369px\" \/><\/figure>\n<\/div>\n\n\n\n<div class=\"wp-block-column is-layout-flow wp-block-column-is-layout-flow\">\n<figure class=\"wp-block-image aligncenter size-full is-resized\"><img loading=\"lazy\" decoding=\"async\" width=\"373\" height=\"373\" src=\"https:\/\/ecoduo.fr\/wp-content\/uploads\/2025\/03\/Capture-decran-2025-03-18-a-10.37.22.png\" alt=\"\" class=\"wp-image-75\" style=\"width:104px;height:auto\" srcset=\"https:\/\/ecoduo.fr\/wp-content\/uploads\/2025\/03\/Capture-decran-2025-03-18-a-10.37.22.png 373w, https:\/\/ecoduo.fr\/wp-content\/uploads\/2025\/03\/Capture-decran-2025-03-18-a-10.37.22-300x300.png 300w, https:\/\/ecoduo.fr\/wp-content\/uploads\/2025\/03\/Capture-decran-2025-03-18-a-10.37.22-150x150.png 150w\" sizes=\"auto, (max-width: 373px) 100vw, 373px\" \/><\/figure>\n<\/div>\n<\/div>\n\n\n\n<div class=\"wp-block-columns is-layout-flex wp-container-core-columns-is-layout-28f84493 wp-block-columns-is-layout-flex\">\n<div class=\"wp-block-column is-layout-flow wp-block-column-is-layout-flow\">\n<h4 class=\"wp-block-heading has-text-align-center\"><mark style=\"background-color:rgba(0, 0, 0, 0)\" class=\"has-inline-color has-ti-accent-color\">Un discours simple et droit au but<\/mark><\/h4>\n<\/div>\n\n\n\n<div class=\"wp-block-column is-layout-flow wp-block-column-is-layout-flow\">\n<h4 class=\"wp-block-heading has-text-align-center\"><mark style=\"background-color:rgba(0, 0, 0, 0)\" class=\"has-inline-color has-ti-accent-color\">Des m\u00e9thodologies d\u2019animations bas\u00e9es sur l\u2019intelligence collective et la p\u00e9dagogie active<\/mark><\/h4>\n<\/div>\n\n\n\n<div class=\"wp-block-column is-layout-flow wp-block-column-is-layout-flow\">\n<h4 class=\"wp-block-heading has-text-align-center\"><mark style=\"background-color:rgba(0, 0, 0, 0)\" class=\"has-inline-color has-ti-accent-color\">Des outils pragmatiques et ludiques s\u2019appuyant sur la situation des participants<\/mark><\/h4>\n<\/div>\n<\/div>\n\n\n\n<p><\/p>\n\n\n\n<div class=\"wp-block-group alignwide has-ti-fg-alt-color has-ti-bg-inv-background-color has-text-color has-background has-link-color wp-elements-02112d3ea9ab7e16efcc3012daf5770b is-vertical is-layout-flex wp-container-core-group-is-layout-30386ae8 wp-block-group-is-layout-flex\" style=\"margin-top:0;margin-bottom:0;padding-top:64px;padding-bottom:64px\">\n<div class=\"wp-block-columns alignwide is-layout-flex wp-container-core-columns-is-layout-28232c24 wp-block-columns-is-layout-flex\">\n<div class=\"wp-block-column is-vertically-aligned-center is-layout-flow wp-block-column-is-layout-flow\" style=\"padding-top:24px;padding-right:24px;padding-bottom:24px;padding-left:24px\">\n<h2 class=\"wp-block-heading\"><mark style=\"background-color:rgba(0, 0, 0, 0);color:#d1ca17\" class=\"has-inline-color\">Prochain Parcours<\/mark><\/h2>\n\n\n\n<h3 class=\"wp-block-heading\"><mark style=\"background-color:rgba(0, 0, 0, 0);color:#d1ca17\" class=\"has-inline-color\">RE-ACTION<\/mark>: 4 jours pour RE-inventer son mod\u00e8le \u00e9conomique avec les ressources existantes de son entreprise.<\/h3>\n\n\n\n<p>De janvier \u00e0 avril 2026 &#8211; <strong>100% financ\u00e9<\/strong> par le Grand P\u00e9rigueux et ses partenaires.<\/p>\n\n\n\n<p>Rejoignez-nous au sein d&rsquo;un petit groupe de dirigeants pour 4 journ\u00e9es de travail concret et ludique afin de repenser vos<\/p>\n\n\n\n<p>mod\u00e8les, d\u2019optimiser vos ressources, de transformer vos contraintes en leviers \u00e9conomiques et d\u2019enclencher votre transition <\/p>\n\n\n\n<p>environnementale.<\/p>\n\n\n\n<div class=\"wp-block-buttons is-content-justification-center is-layout-flex wp-container-core-buttons-is-layout-a89b3969 wp-block-buttons-is-layout-flex\">\n<div class=\"wp-block-button is-style-outline is-style-outline--1\"><a class=\"wp-block-button__link wp-element-button\" href=\"https:\/\/drive.google.com\/file\/d\/1RoR3JwzV-rlwjflA-PJd_cb3AsFKafPz\/view?usp=sharing\">Programme<\/a><\/div>\n\n\n\n<div class=\"wp-block-button is-style-outline is-style-outline--2\"><a class=\"wp-block-button__link has-text-align-center wp-element-button\" href=\"https:\/\/forms.gle\/CnN5bL4q45dzNZdw9\">Inscriptions<\/a><\/div>\n<\/div>\n<\/div>\n<\/div>\n\n\n\n<div class=\"wp-block-group is-nowrap is-layout-flex wp-container-core-group-is-layout-6c531013 wp-block-group-is-layout-flex\">\n<figure class=\"wp-block-image size-full is-resized\"><img loading=\"lazy\" decoding=\"async\" width=\"780\" height=\"519\" src=\"https:\/\/ecoduo.fr\/wp-content\/uploads\/2025\/10\/Logo_GP_Officiel.jpeg\" alt=\"\" class=\"wp-image-155\" style=\"width:149px;height:auto\" srcset=\"https:\/\/ecoduo.fr\/wp-content\/uploads\/2025\/10\/Logo_GP_Officiel.jpeg 780w, https:\/\/ecoduo.fr\/wp-content\/uploads\/2025\/10\/Logo_GP_Officiel-300x200.jpeg 300w, https:\/\/ecoduo.fr\/wp-content\/uploads\/2025\/10\/Logo_GP_Officiel-768x511.jpeg 768w\" sizes=\"auto, (max-width: 780px) 100vw, 780px\" \/><\/figure>\n\n\n\n<figure class=\"wp-block-image size-full is-resized\"><img loading=\"lazy\" decoding=\"async\" width=\"596\" height=\"334\" src=\"https:\/\/ecoduo.fr\/wp-content\/uploads\/2025\/10\/Logo_NA.png\" alt=\"\" class=\"wp-image-156\" style=\"width:178px;height:auto\" srcset=\"https:\/\/ecoduo.fr\/wp-content\/uploads\/2025\/10\/Logo_NA.png 596w, https:\/\/ecoduo.fr\/wp-content\/uploads\/2025\/10\/Logo_NA-300x168.png 300w\" sizes=\"auto, (max-width: 596px) 100vw, 596px\" \/><\/figure>\n\n\n\n<figure class=\"wp-block-image size-large is-resized\"><img loading=\"lazy\" decoding=\"async\" width=\"1024\" height=\"793\" src=\"https:\/\/ecoduo.fr\/wp-content\/uploads\/2025\/10\/Logo_Fonds_Vert_Officiel-1024x793.jpeg\" alt=\"\" class=\"wp-image-157\" style=\"width:125px;height:auto\" srcset=\"https:\/\/ecoduo.fr\/wp-content\/uploads\/2025\/10\/Logo_Fonds_Vert_Officiel-1024x793.jpeg 1024w, https:\/\/ecoduo.fr\/wp-content\/uploads\/2025\/10\/Logo_Fonds_Vert_Officiel-300x232.jpeg 300w, https:\/\/ecoduo.fr\/wp-content\/uploads\/2025\/10\/Logo_Fonds_Vert_Officiel-768x595.jpeg 768w, https:\/\/ecoduo.fr\/wp-content\/uploads\/2025\/10\/Logo_Fonds_Vert_Officiel-1536x1190.jpeg 1536w, https:\/\/ecoduo.fr\/wp-content\/uploads\/2025\/10\/Logo_Fonds_Vert_Officiel.jpeg 1972w\" sizes=\"auto, (max-width: 1024px) 100vw, 1024px\" \/><\/figure>\n\n\n\n<figure class=\"wp-block-image size-full is-resized\"><img loading=\"lazy\" decoding=\"async\" width=\"464\" height=\"265\" src=\"https:\/\/ecoduo.fr\/wp-content\/uploads\/2025\/10\/Logo_PCAET_officiel.png\" alt=\"\" class=\"wp-image-158\" style=\"width:161px;height:auto\" srcset=\"https:\/\/ecoduo.fr\/wp-content\/uploads\/2025\/10\/Logo_PCAET_officiel.png 464w, https:\/\/ecoduo.fr\/wp-content\/uploads\/2025\/10\/Logo_PCAET_officiel-300x171.png 300w\" sizes=\"auto, (max-width: 464px) 100vw, 464px\" \/><\/figure>\n<\/div>\n<\/div>\n\n\n\n<div class=\"wp-block-columns alignwide is-layout-flex wp-container-core-columns-is-layout-28232c24 wp-block-columns-is-layout-flex\">\n<div class=\"wp-block-column is-layout-flow wp-block-column-is-layout-flow\">\n<figure class=\"wp-block-image size-full\"><img loading=\"lazy\" decoding=\"async\" width=\"2046\" height=\"1536\" src=\"http:\/\/ecoduo.fr\/wp-content\/uploads\/2025\/03\/Atelier_Terrasson_13.12.2024.jpeg\" alt=\"\" class=\"wp-image-16\" srcset=\"https:\/\/ecoduo.fr\/wp-content\/uploads\/2025\/03\/Atelier_Terrasson_13.12.2024.jpeg 2046w, https:\/\/ecoduo.fr\/wp-content\/uploads\/2025\/03\/Atelier_Terrasson_13.12.2024-300x225.jpeg 300w, https:\/\/ecoduo.fr\/wp-content\/uploads\/2025\/03\/Atelier_Terrasson_13.12.2024-1024x769.jpeg 1024w, https:\/\/ecoduo.fr\/wp-content\/uploads\/2025\/03\/Atelier_Terrasson_13.12.2024-768x577.jpeg 768w, https:\/\/ecoduo.fr\/wp-content\/uploads\/2025\/03\/Atelier_Terrasson_13.12.2024-1536x1153.jpeg 1536w\" sizes=\"auto, (max-width: 2046px) 100vw, 2046px\" \/><\/figure>\n<\/div>\n\n\n\n<div class=\"wp-block-column is-vertically-aligned-center is-layout-flow wp-block-column-is-layout-flow\" style=\"padding-top:24px;padding-right:24px;padding-bottom:24px;padding-left:24px\">\n<h2 class=\"wp-block-heading\">Animations<\/h2>\n\n\n\n<p>D\u00e9couverte et stimulation, nous proposons de nombreux formats d&rsquo;animation ludiques et concrets pour vous donner envie de vous questionner.<\/p>\n<\/div>\n<\/div>\n\n\n\n<div class=\"wp-block-group alignfull has-ti-bg-alt-background-color has-background is-layout-constrained wp-block-group-is-layout-constrained\" style=\"margin-top:0;margin-bottom:0;padding-top:64px;padding-bottom:64px\">\n<div class=\"wp-block-columns alignwide is-layout-flex wp-container-core-columns-is-layout-28232c24 wp-block-columns-is-layout-flex\">\n<div class=\"wp-block-column is-vertically-aligned-center is-layout-flow wp-block-column-is-layout-flow\" style=\"padding-top:24px;padding-right:24px;padding-bottom:24px;padding-left:24px\">\n<h2 class=\"wp-block-heading\">Parcours entre Dirigeants<\/h2>\n\n\n\n<p>Une exp\u00e9rience collective entre dirigeants pour construire une vision r\u00e9siliente et pro-active pour son entreprise. Trouver un \u00e9quilibre entre la responsabilit\u00e9 de vos impacts et diminuer votre vuln\u00e9rabilit\u00e9 face aux enjeux environnementaux. <\/p>\n\n\n\n<p><strong>Lors de ce parcours, vous apprendrez \u00e0&nbsp;:<\/strong><\/p>\n\n\n\n<ul class=\"wp-block-list\">\n<li>Evaluer la r\u00e9silience de votre entreprise face au changements \u00e0 venir.<\/li>\n\n\n\n<li>Repenser vos cycles de production pour optimiser vos ressources et la gestion de vos d\u00e9chets<\/li>\n\n\n\n<li>Identifier des d\u00e9veloppements \u00e9conomiques potentiels et  r\u00e9-\u00e9valuer la valeur de vos d\u00e9chets comme des ressources potentielles pour d\u2019autres structures.<\/li>\n\n\n\n<li>Comment d\u00e9passer le sentiment d\u2019impuissance face \u00e0 l\u2019inaction en r\u00e9ussissant \u00e0 embarquer vos \u00e9quipes<\/li>\n\n\n\n<li>Clarifier les conditions pour une coop\u00e9ration interne et externe r\u00e9ussie<\/li>\n\n\n\n<li>Identifier les facteurs cl\u00e9s de succ\u00e8s d\u2019un plan d\u2019action r\u00e9ussi<\/li>\n\n\n\n<li>Passer \u00e0 l\u2019action&nbsp;!! Avec une vision clarifi\u00e9e, et d\u00e9sormais fort d\u2019une plus grande coop\u00e9ration entre entreprise, et au sein de vos \u00e9quipes.&nbsp;<\/li>\n<\/ul>\n<\/div>\n\n\n\n<div class=\"wp-block-column is-layout-flow wp-block-column-is-layout-flow\">\n<figure class=\"wp-block-image size-full is-resized\"><img loading=\"lazy\" decoding=\"async\" width=\"391\" height=\"293\" src=\"http:\/\/ecoduo.fr\/wp-content\/uploads\/2025\/03\/Capture-decran-2025-03-11-a-11.49.20.png\" alt=\"\" class=\"wp-image-18\" style=\"width:525px;height:auto\" srcset=\"https:\/\/ecoduo.fr\/wp-content\/uploads\/2025\/03\/Capture-decran-2025-03-11-a-11.49.20.png 391w, https:\/\/ecoduo.fr\/wp-content\/uploads\/2025\/03\/Capture-decran-2025-03-11-a-11.49.20-300x225.png 300w\" sizes=\"auto, (max-width: 391px) 100vw, 391px\" \/><\/figure>\n<\/div>\n<\/div>\n<\/div>\n\n\n\n<div class=\"wp-block-columns alignwide is-layout-flex wp-container-core-columns-is-layout-28232c24 wp-block-columns-is-layout-flex\">\n<div class=\"wp-block-column is-layout-flow wp-block-column-is-layout-flow\">\n<figure class=\"wp-block-image size-full is-resized\"><img loading=\"lazy\" decoding=\"async\" width=\"384\" height=\"288\" src=\"http:\/\/ecoduo.fr\/wp-content\/uploads\/2025\/03\/Capture-decran-2025-03-12-a-14.03.39.png\" alt=\"\" class=\"wp-image-57\" style=\"width:546px;height:auto\" srcset=\"https:\/\/ecoduo.fr\/wp-content\/uploads\/2025\/03\/Capture-decran-2025-03-12-a-14.03.39.png 384w, https:\/\/ecoduo.fr\/wp-content\/uploads\/2025\/03\/Capture-decran-2025-03-12-a-14.03.39-300x225.png 300w\" sizes=\"auto, (max-width: 384px) 100vw, 384px\" \/><\/figure>\n<\/div>\n\n\n\n<div class=\"wp-block-column is-vertically-aligned-center is-layout-flow wp-block-column-is-layout-flow\" style=\"padding-top:24px;padding-right:24px;padding-bottom:24px;padding-left:24px\">\n<h2 class=\"wp-block-heading\">Parcours en Entreprise<\/h2>\n\n\n\n<p>Une exp\u00e9rience collective entre salari\u00e9s pour construire ensemble un nouvel engagement et de nouvelles pratiques vers un mod\u00e8le plus durable.<\/p>\n\n\n\n<div class=\"wp-block-buttons is-layout-flex wp-block-buttons-is-layout-flex\">\n<div class=\"wp-block-button\"><a class=\"wp-block-button__link wp-element-button\">En savoir plus<\/a><\/div>\n<\/div>\n<\/div>\n<\/div>\n\n\n\n<p><\/p>\n","protected":false},"excerpt":{"rendered":"<p>Un discours simple et droit au but Des m\u00e9thodologies d\u2019animations bas\u00e9es sur l\u2019intelligence collective et la p\u00e9dagogie active Des outils pragmatiques et ludiques s\u2019appuyant sur la situation des participants Prochain Parcours RE-ACTION: 4 jours pour RE-inventer son mod\u00e8le \u00e9conomique avec les ressources existantes de son entreprise. De janvier \u00e0 avril 2026 &#8211; 100% financ\u00e9 par [&hellip;]<\/p>\n","protected":false},"author":1,"featured_media":0,"parent":0,"menu_order":0,"comment_status":"closed","ping_status":"closed","template":"","meta":{"_themeisle_gutenberg_block_has_review":false,"footnotes":""},"class_list":["post-63","page","type-page","status-publish","hentry"],"_links":{"self":[{"href":"https:\/\/ecoduo.fr\/index.php\/wp-json\/wp\/v2\/pages\/63","targetHints":{"allow":["GET"]}}],"collection":[{"href":"https:\/\/ecoduo.fr\/index.php\/wp-json\/wp\/v2\/pages"}],"about":[{"href":"https:\/\/ecoduo.fr\/index.php\/wp-json\/wp\/v2\/types\/page"}],"author":[{"embeddable":true,"href":"https:\/\/ecoduo.fr\/index.php\/wp-json\/wp\/v2\/users\/1"}],"replies":[{"embeddable":true,"href":"https:\/\/ecoduo.fr\/index.php\/wp-json\/wp\/v2\/comments?post=63"}],"version-history":[{"count":4,"href":"https:\/\/ecoduo.fr\/index.php\/wp-json\/wp\/v2\/pages\/63\/revisions"}],"predecessor-version":[{"id":160,"href":"https:\/\/ecoduo.fr\/index.php\/wp-json\/wp\/v2\/pages\/63\/revisions\/160"}],"wp:attachment":[{"href":"https:\/\/ecoduo.fr\/index.php\/wp-json\/wp\/v2\/media?parent=63"}],"curies":[{"name":"wp","href":"https:\/\/api.w.org\/{rel}","templated":true}]}}